{"id":58,"date":"2016-03-08T10:54:04","date_gmt":"2016-03-08T09:54:04","guid":{"rendered":"http:\/\/pingouincolibris.fr\/?page_id=58"},"modified":"2016-06-01T12:29:19","modified_gmt":"2016-06-01T10:29:19","slug":"le-parcours","status":"publish","type":"page","link":"https:\/\/pingouincolibris.fr\/?page_id=58","title":{"rendered":"Le parcours"},"content":{"rendered":"<p><!-- <img loading=\"lazy\" decoding=\"async\" class=\"wp-image-65 alignright\" src=\"http:\/\/pingouincolibris.fr\/wp-content\/uploads\/2016\/03\/parcours.jpg\" alt=\"parcours\" width=\"443\" height=\"266\" srcset=\"https:\/\/pingouincolibris.fr\/wp-content\/uploads\/2016\/03\/parcours.jpg 1116w, https:\/\/pingouincolibris.fr\/wp-content\/uploads\/2016\/03\/parcours-300x180.jpg 300w, https:\/\/pingouincolibris.fr\/wp-content\/uploads\/2016\/03\/parcours-768x460.jpg 768w, https:\/\/pingouincolibris.fr\/wp-content\/uploads\/2016\/03\/parcours-1024x614.jpg 1024w\" sizes=\"auto, (max-width: 443px) 100vw, 443px\" \/> --><\/p>\n<p>Notre parcours s&rsquo;\u00e9tale sur 2 ans, d&rsquo;ao\u00fbt 2016 \u00e0 l&rsquo;\u00e9t\u00e9 2018. On peut le s\u00e9parer en 3 parties :<\/p>\n<ul>\n<li>la descente des c\u00f4tes europ\u00e9ennes et africaines, jusqu&rsquo;au printemps 2017. Au programme : Nord-Ouest de l&rsquo;Espagne (le crochet par l&rsquo;Irlande est un peu oubli\u00e9), Portugal, Mad\u00e8re, Canaries, S\u00e9n\u00e9gal et Cap-vert d&rsquo;o\u00f9 on partira pour la transatlantique vers le Br\u00e9sil,<\/li>\n<li>l&rsquo;Am\u00e9rique du sud durant l&rsquo;\u00e9t\u00e9 et l&rsquo;automne 2017. En tout cas, sa c\u00f4te nord-est, de Salvador de Bahia ou Rio aux Antilles,<\/li>\n<li>les Antilles, durant l&rsquo;hiver et le printemps 2018, en remontant l&rsquo;arc antillais jusqu&rsquo;\u00e0 Cuba.<\/li>\n<\/ul>\n<p>Ensuite, retour \u00e0 la case parisienne ? Cela passe par la transatlantique, retour pr\u00e9vue vers mai 2018, via les A\u00e7ores, pour une arriv\u00e9e en Bretagne en juillet 2018.<\/p>\n<p>Cela fait environ 20 000 milles nautiques, soit \u00e0 peu pr\u00e8s le tour de la Terre ! Et pr\u00e8s de 100 jours de navigation hauturi\u00e8re. Heureusement cela\u00a0laisse quand m\u00eame pas mal de temps pour profiter des pays visit\u00e9s.<\/p>\n<p>Ce p\u00e9riple est d\u00e9crit sur la carte suivante. Nous y indiquons \u00e9galement les dates pr\u00e9vues de chacune des \u00e9tapes pour ceux -que nous esp\u00e9rons nombreux !- qui voudraient\u00a0passer quelques vacances avec nous, pour embarquer sur une travers\u00e9e, d\u00e9couvrir un pays ou tout simplement pour le plaisir de passer quelques jours ensemble.<\/p>\n<p><iframe loading=\"lazy\" src=\"http:\/\/umap.openstreetmap.fr\/fr\/map\/carte-sans-nom_86870?scaleControl=false&amp;miniMap=false&amp;scrollWheelZoom=false&amp;zoomControl=true&amp;allowEdit=false&amp;moreControl=true&amp;datalayersControl=true&amp;onLoadPanel=undefined&amp;captionBar=false\" width=\"100%\" height=\"500px\" frameborder=\"0\"><\/iframe><\/p>\n<p><a href=\"http:\/\/umap.openstreetmap.fr\/fr\/map\/carte-sans-nom_86870\">Voir en plein \u00e9cran<\/a><\/p>\n<p><!-- <iframe loading=\"lazy\" src=\"https:\/\/www.google.fr\/maps\/d\/embed?mid=1rwyQvfJMJuJLxZN7omzEKpaPk3Q\" width=\"100%\" height=\"480\"><\/iframe> --><\/p>\n","protected":false},"excerpt":{"rendered":"<p>Notre parcours s&rsquo;\u00e9tale sur 2 ans, d&rsquo;ao\u00fbt 2016 \u00e0 l&rsquo;\u00e9t\u00e9 2018. On peut le s\u00e9parer en 3 parties : la descente des c\u00f4tes europ\u00e9ennes et africaines, jusqu&rsquo;au printemps 2017. Au programme : Nord-Ouest de l&rsquo;Espagne (le crochet par l&rsquo;Irlande est &hellip; <a href=\"https:\/\/pingouincolibris.fr\/?page_id=58\">Lire la suite<\/a><\/p>\n","protected":false},"author":1,"featured_media":0,"parent":0,"menu_order":0,"comment_status":"closed","ping_status":"closed","template":"","meta":{"footnotes":""},"class_list":["post-58","page","type-page","status-publish","hentry"],"jetpack_sharing_enabled":true,"_links":{"self":[{"href":"https:\/\/pingouincolibris.fr\/index.php?rest_route=\/wp\/v2\/pages\/58","targetHints":{"allow":["GET"]}}],"collection":[{"href":"https:\/\/pingouincolibris.fr\/index.php?rest_route=\/wp\/v2\/pages"}],"about":[{"href":"https:\/\/pingouincolibris.fr\/index.php?rest_route=\/wp\/v2\/types\/page"}],"author":[{"embeddable":true,"href":"https:\/\/pingouincolibris.fr\/index.php?rest_route=\/wp\/v2\/users\/1"}],"replies":[{"embeddable":true,"href":"https:\/\/pingouincolibris.fr\/index.php?rest_route=%2Fwp%2Fv2%2Fcomments&post=58"}],"version-history":[{"count":19,"href":"https:\/\/pingouincolibris.fr\/index.php?rest_route=\/wp\/v2\/pages\/58\/revisions"}],"predecessor-version":[{"id":75,"href":"https:\/\/pingouincolibris.fr\/index.php?rest_route=\/wp\/v2\/pages\/58\/revisions\/75"}],"wp:attachment":[{"href":"https:\/\/pingouincolibris.fr\/index.php?rest_route=%2Fwp%2Fv2%2Fmedia&parent=58"}],"curies":[{"name":"wp","href":"https:\/\/api.w.org\/{rel}","templated":true}]}}