{"id":26,"date":"2016-03-07T23:17:37","date_gmt":"2016-03-07T22:17:37","guid":{"rendered":"http:\/\/pingouincolibris.fr\/?page_id=26"},"modified":"2017-06-26T15:10:17","modified_gmt":"2017-06-26T13:10:17","slug":"ou-sommes-nous","status":"publish","type":"page","link":"https:\/\/pingouincolibris.fr\/?page_id=26","title":{"rendered":"O\u00f9 sommes-nous ?"},"content":{"rendered":"<h2>Positionnement par AIS<\/h2>\n<p>Pr\u00e8s des c\u00f4tes, notre position est transmise au monde entier gr\u00e2ce au syst\u00e8me AIS (\u00ab\u00a0Automatic Identification System\u00a0\u00bb, fonctionnement via VHF), et publi\u00e9e sur\u00a0les sites\u00a0<a href=\"http:\/\/www.marinetraffic.com\/en\/ais\/details\/ships\/227114620\">www.marinetraffic.com<\/a>\u00a0ou <a href=\"http:\/\/www.vesselfinder.com\" target=\"_blank\" rel=\"noopener noreferrer\">www.vesselfinder.com<\/a>. Cela ne marche que lorsque\u00a0notre \u00e9metteur AIS est activ\u00e9 et que son\u00a0signal est re\u00e7u par une station r\u00e9ceptrice c\u00f4ti\u00e8re&#8230; \u00e7a ne marchera pas au milieu de l&rsquo;Atlantique (voir la 2e partie pour nous suivre pendant les travers\u00e9es). En naviguant sur les cartes de ce site, vous pourrez constater que la fr\u00e9quentation des oc\u00e9ans n&rsquo;a rien \u00e0 envier \u00e0 celle du\u00a0p\u00e9riph&rsquo; parisien, et nous imaginer en train de zigzaguer au milieu de cette foule de cargos, p\u00eacheurs et autres navires&#8230;<\/p>\n<p><script type=\"text\/javascript\"> \twidth='100%';\nheight='450';\nborder='1';\nshownames='true';\nmaptype='1';\ntrackvessel='227114620';<\/script> <script type=\"text\/javascript\" src=\"\/\/www.marinetraffic.com\/js\/embed.js\"><\/script><br \/>\n<!--<iframe loading=\"lazy\" style=\"border: 0;\" src=\"http:\/\/www.marinetraffic.com\/en\/ais\/details\/ships\/227114620\" width=\"100%\" height=\"2000\" frameborder=\"0\" allowfullscreen=\"allowfullscreen\"><\/iframe>\n\n<script type=\"text\/javascript\">\/\/ <![CDATA[ var width=\"100%\"; var height=\"500\"; var zoom=\"3\"; var mmsi=\"227114620\"; var click_to_activate=false; var default_maptype=2; \/\/ ]]><\/script>\n<script src=\"https:\/\/www.vesselfinder.com\/aismap.js\" type=\"text\/javascript\">\/\/ <![CDATA[ \/\/ ]]><\/script>--><\/p>\n<h2>Positionnement par satellite<\/h2>\n<p>Nous embarquons sur le bateau un petit appareil espion appel\u00e9 \u00ab\u00a0trackeur\u00a0\u00bb qui permettra de nous suivre \u00e9galement lorsque nous sommes loin de c\u00f4tes, hors de port\u00e9e des stations AIS. Cet appareil nous permet d&rsquo;envoyer\u00a0r\u00e9guli\u00e8rement notre position par satellite, position qui est alors automatiquement report\u00e9e sur la carte ci-dessous. Attention cette carte ne sera mise \u00e0 jour que lorsque nous activons le tracking, c&rsquo;est-\u00e0-dire uniquement pendant les travers\u00e9es.<\/p>\n<p><!-- embedded frame Delorme--><br \/>\n<iframe loading=\"lazy\" src=\"https:\/\/share.delorme.com\/aurelienRatti\" width=\"100%\" height=\"450\" frameborder=\"0\" marginwidth=\"0\" marginheight=\"0\"><\/iframe><\/p>\n<p><!--\n<iframe loading=\"lazy\" style=\"border: 0;\" src=\"https:\/\/www.google.com\/maps\/embed?pb=!1m18!1m12!1m3!1d344851.7291959736!2d-2.4731378951061136!3d47.52586212814376!2m3!1f0!2f0!3f0!3m2!1i1024!2i768!4f13.1!3m3!1m2!1s0x480ff36fc8b0b4c5%3A0x384e74b9a9d70370!2sArzal!5e0!3m2!1sfr!2sfr!4v1457532502237\" width=\"100%\" height=\"450\" frameborder=\"0\" allowfullscreen=\"allowfullscreen\"><\/iframe>--><\/p>\n","protected":false},"excerpt":{"rendered":"<p>Positionnement par AIS Pr\u00e8s des c\u00f4tes, notre position est transmise au monde entier gr\u00e2ce au syst\u00e8me AIS (\u00ab\u00a0Automatic Identification System\u00a0\u00bb, fonctionnement via VHF), et publi\u00e9e sur\u00a0les sites\u00a0www.marinetraffic.com\u00a0ou www.vesselfinder.com. Cela ne marche que lorsque\u00a0notre \u00e9metteur AIS est activ\u00e9 et que son\u00a0signal &hellip; <a href=\"https:\/\/pingouincolibris.fr\/?page_id=26\">Lire la suite<\/a><\/p>\n","protected":false},"author":1,"featured_media":0,"parent":0,"menu_order":0,"comment_status":"closed","ping_status":"closed","template":"","meta":{"footnotes":""},"class_list":["post-26","page","type-page","status-publish","hentry"],"jetpack_sharing_enabled":true,"_links":{"self":[{"href":"https:\/\/pingouincolibris.fr\/index.php?rest_route=\/wp\/v2\/pages\/26","targetHints":{"allow":["GET"]}}],"collection":[{"href":"https:\/\/pingouincolibris.fr\/index.php?rest_route=\/wp\/v2\/pages"}],"about":[{"href":"https:\/\/pingouincolibris.fr\/index.php?rest_route=\/wp\/v2\/types\/page"}],"author":[{"embeddable":true,"href":"https:\/\/pingouincolibris.fr\/index.php?rest_route=\/wp\/v2\/users\/1"}],"replies":[{"embeddable":true,"href":"https:\/\/pingouincolibris.fr\/index.php?rest_route=%2Fwp%2Fv2%2Fcomments&post=26"}],"version-history":[{"count":18,"href":"https:\/\/pingouincolibris.fr\/index.php?rest_route=\/wp\/v2\/pages\/26\/revisions"}],"predecessor-version":[{"id":973,"href":"https:\/\/pingouincolibris.fr\/index.php?rest_route=\/wp\/v2\/pages\/26\/revisions\/973"}],"wp:attachment":[{"href":"https:\/\/pingouincolibris.fr\/index.php?rest_route=%2Fwp%2Fv2%2Fmedia&parent=26"}],"curies":[{"name":"wp","href":"https:\/\/api.w.org\/{rel}","templated":true}]}}