{"id":2,"date":"2016-03-03T22:50:29","date_gmt":"2016-03-03T21:50:29","guid":{"rendered":"http:\/\/pingouincolibris.fr\/?page_id=2"},"modified":"2016-03-09T23:59:34","modified_gmt":"2016-03-09T22:59:34","slug":"page-d-exemple","status":"publish","type":"page","link":"https:\/\/pingouincolibris.fr\/?page_id=2","title":{"rendered":"Les colibris"},"content":{"rendered":"<p><img loading=\"lazy\" decoding=\"async\" class=\"wp-image-91 alignright\" src=\"http:\/\/pingouincolibris.fr\/wp-content\/uploads\/2016\/03\/IMG_0477-300x200.jpg\" alt=\"IMG_0477\" width=\"300\" height=\"200\" \/><\/p>\n<p>Les colibris, c&rsquo;est nous ! Une famille qui va quitter sa\u00a0vie parisienne pendant deux ans pour r\u00e9aliser un vieux r\u00eave, profiter les uns des autres, d\u00e9couvrir le monde et tant de choses encore.<\/p>\n<h4>Aur\u00e9lien\u00a0(vu par ses filles)<\/h4>\n<p>Papa aime bien le bateau. Il m&rsquo;\u00e9nerve, il fait toujours des noeuds ou des pr\u00e9paratifs pour le tour de l&rsquo;Atlantique. Et aussi il fait toujours la cuisine.<\/p>\n<p>Papa, qu&rsquo;est-ce qui te fait r\u00eaver dans ce voyage ?<\/p>\n<p><em>D\u00e9couvrir tous ces pays, en voyageant en\u00a0voilier, o\u00f9 je me sens dans mon \u00e9l\u00e9ment.<\/em><\/p>\n<p>Qu&rsquo;est-ce qui te fait peur ?<\/p>\n<p><em>Faire le CNED tous les jours !<\/em><\/p>\n<h4>Flora (vue par ses filles)<\/h4>\n<p>Maman\u00a0aime discuter et rigoler. Elle travaille souvent tard le soir. Elle\u00a0n&rsquo;aime pas quand c&rsquo;est en chantier.<\/p>\n<p>Maman, qu&rsquo;est-ce qui te fait r\u00eaver dans ce voyage ?<\/p>\n<p><em>Vivre plus pr\u00e8s de la nature et faire de belles rencontres.<\/em><\/p>\n<p>Qu&rsquo;est-ce qui te fait peur ?<\/p>\n<p><em>Que quelqu&rsquo;un se fasse un gros bobo \u00e0 bord.<\/em><\/p>\n<p>&nbsp;<\/p>\n<h4>M\u00e9lisse (vue par son p\u00e8re)<\/h4>\n<p>M\u00e9lisse est une jolie blonde qui ne veut pas qu&rsquo;on lui coupe les cheveux m\u00eame si ce ne sera pas tr\u00e8s pratique sur le bateau. Elle a racont\u00e9 \u00e0 toutes ses copines qu&rsquo;elle allait faire le tour de l&rsquo;Atlantique. Elle fera son CE2 et son CM1 avec ses parents, enfin surtout sa maman\u00a0qui est quand m\u00eame plus patiente que son papa.<\/p>\n<p>M\u00e9lisse, qu&rsquo;est-ce-qui te fait r\u00eaver dans ce voyage ?<\/p>\n<p><em>Voir une baleine et des colibris.<\/em><\/p>\n<p>De quoi as-tu peur ?<\/p>\n<p><em>De couler pendant une temp\u00eate !<\/em><\/p>\n<p>&nbsp;<\/p>\n<h4>Erell (vue par son p\u00e8re)<\/h4>\n<p>Erell est encore en maternelle, \u00e7a sera plus simple pour lui faire l&rsquo;\u00e9cole. Mais elle apprend beaucoup de choses en imitant sa grande soeur. On esp\u00e8re qu&rsquo;elle saura vite nager car elle est un peu casse-cou.<\/p>\n<p>Erell, qu&rsquo;est-ce qui te fait r\u00eaver dans ce voyage ?<\/p>\n<p><em>Je veux aller au parc Ast\u00e9rix et dans\u00a0mon lit dans mon bateau (celui \u00e0 l&rsquo;arri\u00e8re o\u00f9 dorment papa et maman).<\/em><\/p>\n<p>De quoi as-tu peur ?<\/p>\n<p><em>D&rsquo;une grosse temp\u00eate.<\/em><\/p>\n<p>&nbsp;<\/p>\n<p>Au fait, pourquoi des colibris ? Un d\u00e9but de r\u00e9ponse <a href=\"http:\/\/www.colibris-lemouvement.org\/revolution\/cest-quoi-un-colibri\">ici<\/a>.<\/p>\n<p>&nbsp;<\/p>\n","protected":false},"excerpt":{"rendered":"<p>Les colibris, c&rsquo;est nous ! Une famille qui va quitter sa\u00a0vie parisienne pendant deux ans pour r\u00e9aliser un vieux r\u00eave, profiter les uns des autres, d\u00e9couvrir le monde et tant de choses encore. Aur\u00e9lien\u00a0(vu par ses filles) Papa aime bien &hellip; <a href=\"https:\/\/pingouincolibris.fr\/?page_id=2\">Lire la suite<\/a><\/p>\n","protected":false},"author":1,"featured_media":0,"parent":0,"menu_order":0,"comment_status":"closed","ping_status":"open","template":"","meta":{"footnotes":""},"class_list":["post-2","page","type-page","status-publish","hentry"],"jetpack_sharing_enabled":true,"_links":{"self":[{"href":"https:\/\/pingouincolibris.fr\/index.php?rest_route=\/wp\/v2\/pages\/2","targetHints":{"allow":["GET"]}}],"collection":[{"href":"https:\/\/pingouincolibris.fr\/index.php?rest_route=\/wp\/v2\/pages"}],"about":[{"href":"https:\/\/pingouincolibris.fr\/index.php?rest_route=\/wp\/v2\/types\/page"}],"author":[{"embeddable":true,"href":"https:\/\/pingouincolibris.fr\/index.php?rest_route=\/wp\/v2\/users\/1"}],"replies":[{"embeddable":true,"href":"https:\/\/pingouincolibris.fr\/index.php?rest_route=%2Fwp%2Fv2%2Fcomments&post=2"}],"version-history":[{"count":11,"href":"https:\/\/pingouincolibris.fr\/index.php?rest_route=\/wp\/v2\/pages\/2\/revisions"}],"predecessor-version":[{"id":133,"href":"https:\/\/pingouincolibris.fr\/index.php?rest_route=\/wp\/v2\/pages\/2\/revisions\/133"}],"wp:attachment":[{"href":"https:\/\/pingouincolibris.fr\/index.php?rest_route=%2Fwp%2Fv2%2Fmedia&parent=2"}],"curies":[{"name":"wp","href":"https:\/\/api.w.org\/{rel}","templated":true}]}}